{"id":49,"date":"2014-04-11T22:46:42","date_gmt":"2014-04-11T22:46:42","guid":{"rendered":"http:\/\/wellenformer.de\/?page_id=49"},"modified":"2020-03-02T14:39:46","modified_gmt":"2020-03-02T14:39:46","slug":"datenschutzerklaerung","status":"publish","type":"page","link":"http:\/\/wellenformer.de\/?page_id=49","title":{"rendered":"Datenschutzerkl\u00e4rung"},"content":{"rendered":"<h1>Datenschutzerkl\u00e4rung<\/h1>\n<p><strong>Datenschutz \u2013 Privacy Policy<\/strong><\/p>\n<p><strong>Akismet Anti-Spam<\/strong> Diese Seite nutzt das <a href=\"http:\/\/akismet.com\/\">Akismet-Plugin der <\/a><a href=\"http:\/\/automattic.com\/\">Automattic<\/a><a href=\"http:\/\/akismet.com\/\"> Inc., 60 29th Street #343, San Francisco, CA 94110-4929, USA. Mit Hilfe dieses Plugins werden Kommentare von echten Menschen von Spam-Kommentaren unterschieden. Dazu werden alle Kommentarangaben an einen Server in den USA verschickt, wo sie analysiert und f\u00fcr Vergleichszwecke vier Tage lang gespeichert werden. Ist ein Kommentar als Spam eingestuft worden, werden die Daten \u00fcber diese Zeit hinaus gespeichert. Zu diesen Angaben geh\u00f6ren der eingegebene Name, die Emailadresse, die IP-Adresse, der Kommentarinhalt, der Referrer, Angaben zum verwendeten Browser sowie dem Computersystem und die Zeit des Eintrags. Sie k\u00f6nnen gerne Pseudonyme nutzen, oder auf die Eingabe des Namens oder der Emailadresse verzichten. Sie k\u00f6nnen die \u00dcbertragung der Daten komplett verhindern, in dem Sie unser Kommentarsystem nicht nutzen. Das w\u00e4re schade, aber leider sehen wir sonst keine Alternativen, die ebenso effektiv arbeiten. Sie k\u00f6nnen der Nutzung Ihrer Daten f\u00fcr die Zukunft unter <\/a><a href=\"mailto:support@wordpress.com\" target=\"_blank\" rel=\"noopener noreferrer\">support@wordpress.com<\/a><a href=\"http:\/\/akismet.com\/\">, Betreff \u201cDeletion of Data stored by Akismet\u201d unter Angabe\/Beschreibung der gespeicherten Daten widersprechen.<\/a><\/p>\n<p>&nbsp;<\/p>\n<div>\n<p><strong>Datenverarbeitung:<\/strong><br \/>\nDie Webseite selbst erhebt und speichert automatisch in ihren Server Log Files Informationen, die Ihr Browser an uns \u00fcbermittelt.<br \/>\nDies sind:<br \/>\n* Browsertyp\/ -version<br \/>\n* verwendetes Betriebssystem<br \/>\n* Referrer URL (die zuvor besuchte Seite)<br \/>\n* Hostname des zugreifenden Rechners (IP Adresse)<br \/>\n* Uhrzeit der Serveranfrage.<\/p>\n<p>Diese Daten sind nicht bestimmten Personen zuordenbar. Es wird keine Zusammenf\u00fchrung dieser Daten mit anderen Datenquellen vorgenommen, zudem werden die Daten nach einer statistischen Auswertung gel\u00f6scht.<\/p>\n<p><strong>Cookies:<\/strong><br \/>\nDiese Seite verwendet keine Cookies.<\/p>\n<p><strong>Haftungsauschluss f\u00fcr fremde Links<\/strong><\/p>\n<p>Ich verweist auf meinen Seiten mit Links&nbsp;zu anderen&nbsp; Seiten im Internet. F\u00fcr alle diese Links gilt: Ich erkl\u00e4rt&nbsp; ausdr\u00fccklich, dass er keinerlei Einfluss auf die Gestaltung und die&nbsp;Inhalte der verlinkten Seiten hat. Deshalb distanzieren ich mich&nbsp; hiermit ausdr\u00fccklich von allen Inhalten aller verlinkten Seiten&nbsp;Dritter auf <a title=\"wellenformer.de\" href=\"http:\/\/wellenformer.de\">http:\/\/wellenformer.de<\/a> und mache mir diese Inhalte nicht zu eigen.&nbsp;Diese Erkl\u00e4rung gilt f\u00fcr alle angezeigten Links und f\u00fcr alle Inhalte der Seiten, zu denen Links f\u00fchren.<\/p>\n<p>Die Bilder auf dieser Seite sind mein Eigentum. Die nichtkommerzielle Verwendung ist frei. F\u00fcr eine kommerzielle Nutzung oder eine h\u00f6here Aufl\u00f6sung der Bilder bitte ich sie das <a title=\"Kontakt\" href=\"http:\/\/wellenformer.de\/?page_id=51\">Kontaktformular<\/a> zu nutzen.<\/p>\n<p>Weitere Informationen:<br \/>\nF\u00fcr weitere Fragen stehe ich gerne per <a title=\"Kontakt\" href=\"http:\/\/wellenformer.de\/?page_id=51\">Kontaktformular<\/a>&nbsp;zur verf\u00fcgung.<\/p>\n<p>&nbsp;<\/p>\n<p>Andr\u00e9 Gibson<\/p>\n<p>Wolfsgasse 14<br \/>\n97421 Schweinfurt<\/p>\n<p>Christine Bielefeldt<\/p>\n<p>Am Bahnhof 17, 97488 Stadtlauringen<\/p>\n<\/div>\n","protected":false},"excerpt":{"rendered":"<p>Datenschutzerkl\u00e4rung Datenschutz \u2013 Privacy Policy Akismet Anti-Spam Diese Seite nutzt das Akismet-Plugin der Automattic Inc., 60 29th Street #343, San Francisco, CA 94110-4929, USA. Mit Hilfe dieses Plugins werden Kommentare von echten Menschen von Spam-Kommentaren unterschieden. Dazu werden alle Kommentarangaben &hellip; <a href=\"http:\/\/wellenformer.de\/?page_id=49\">Weiterlesen <span class=\"meta-nav\">&rarr;<\/span><\/a><\/p>\n","protected":false},"author":1,"featured_media":0,"parent":0,"menu_order":3,"comment_status":"closed","ping_status":"open","template":"","meta":{"footnotes":""},"class_list":["post-49","page","type-page","status-publish","hentry"],"_links":{"self":[{"href":"http:\/\/wellenformer.de\/index.php?rest_route=\/wp\/v2\/pages\/49","targetHints":{"allow":["GET"]}}],"collection":[{"href":"http:\/\/wellenformer.de\/index.php?rest_route=\/wp\/v2\/pages"}],"about":[{"href":"http:\/\/wellenformer.de\/index.php?rest_route=\/wp\/v2\/types\/page"}],"author":[{"embeddable":true,"href":"http:\/\/wellenformer.de\/index.php?rest_route=\/wp\/v2\/users\/1"}],"replies":[{"embeddable":true,"href":"http:\/\/wellenformer.de\/index.php?rest_route=%2Fwp%2Fv2%2Fcomments&post=49"}],"version-history":[{"count":5,"href":"http:\/\/wellenformer.de\/index.php?rest_route=\/wp\/v2\/pages\/49\/revisions"}],"predecessor-version":[{"id":2511,"href":"http:\/\/wellenformer.de\/index.php?rest_route=\/wp\/v2\/pages\/49\/revisions\/2511"}],"wp:attachment":[{"href":"http:\/\/wellenformer.de\/index.php?rest_route=%2Fwp%2Fv2%2Fmedia&parent=49"}],"curies":[{"name":"wp","href":"https:\/\/api.w.org\/{rel}","templated":true}]}}